{"id":11671,"date":"2023-06-20T11:23:41","date_gmt":"2023-06-20T11:23:41","guid":{"rendered":"https:\/\/alkanel.al\/product\/sillosa\/"},"modified":"2023-07-07T10:36:37","modified_gmt":"2023-07-07T10:36:37","slug":"sillosa","status":"publish","type":"product","link":"https:\/\/alkanel.al\/en\/product\/sillosa\/","title":{"rendered":"Sillosa"},"content":{"rendered":"","protected":false},"excerpt":{"rendered":"","protected":false},"featured_media":11609,"template":"","meta":[],"product_brand":[],"product_cat":[104],"product_tag":[],"class_list":{"0":"post-11671","1":"product","2":"type-product","3":"status-publish","4":"has-post-thumbnail","6":"product_cat-produkte-en","8":"first","9":"instock","10":"shipping-taxable","11":"product-type-simple"},"yoast_head":"<!-- This site is optimized with the Yoast SEO Premium plugin v23.7 (Yoast SEO v27.1.1) - https:\/\/yoast.com\/product\/yoast-seo-premium-wordpress\/ -->\n<title>Sillosa - ALKanEl Automation<\/title>\n<meta name=\"robots\" content=\"index, follow, max-snippet:-1, max-image-preview:large, max-video-preview:-1\" \/>\n<link rel=\"canonical\" href=\"https:\/\/alkanel.al\/en\/product\/sillosa\/\" \/>\n<meta property=\"og:locale\" content=\"en_US\" \/>\n<meta property=\"og:type\" content=\"article\" \/>\n<meta property=\"og:title\" content=\"Sillosa\" \/>\n<meta property=\"og:url\" content=\"https:\/\/alkanel.al\/en\/product\/sillosa\/\" \/>\n<meta property=\"og:site_name\" content=\"ALKanEl Automation\" \/>\n<meta property=\"article:publisher\" content=\"https:\/\/www.facebook.com\/profile.php?id=100085308011755\" \/>\n<meta property=\"article:modified_time\" content=\"2023-07-07T10:36:37+00:00\" \/>\n<meta property=\"og:image\" content=\"https:\/\/alkanel.al\/wp-content\/uploads\/2023\/06\/04-Sillos-copy.jpg\" \/>\n\t<meta property=\"og:image:width\" content=\"800\" \/>\n\t<meta property=\"og:image:height\" content=\"880\" \/>\n\t<meta property=\"og:image:type\" content=\"image\/jpeg\" \/>\n<meta name=\"twitter:card\" content=\"summary_large_image\" \/>\n<script type=\"application\/ld+json\" class=\"yoast-schema-graph\">{\"@context\":\"https:\/\/schema.org\",\"@graph\":[{\"@type\":\"WebPage\",\"@id\":\"https:\/\/alkanel.al\/en\/product\/sillosa\/\",\"url\":\"https:\/\/alkanel.al\/en\/product\/sillosa\/\",\"name\":\"Sillosa - ALKanEl Automation\",\"isPartOf\":{\"@id\":\"https:\/\/alkanel.al\/en\/#website\"},\"primaryImageOfPage\":{\"@id\":\"https:\/\/alkanel.al\/en\/product\/sillosa\/#primaryimage\"},\"image\":{\"@id\":\"https:\/\/alkanel.al\/en\/product\/sillosa\/#primaryimage\"},\"thumbnailUrl\":\"https:\/\/alkanel.al\/wp-content\/uploads\/2023\/06\/04-Sillos-copy.jpg\",\"datePublished\":\"2023-06-20T11:23:41+00:00\",\"dateModified\":\"2023-07-07T10:36:37+00:00\",\"breadcrumb\":{\"@id\":\"https:\/\/alkanel.al\/en\/product\/sillosa\/#breadcrumb\"},\"inLanguage\":\"en-US\",\"potentialAction\":[{\"@type\":\"ReadAction\",\"target\":[\"https:\/\/alkanel.al\/en\/product\/sillosa\/\"]}]},{\"@type\":\"ImageObject\",\"inLanguage\":\"en-US\",\"@id\":\"https:\/\/alkanel.al\/en\/product\/sillosa\/#primaryimage\",\"url\":\"https:\/\/alkanel.al\/wp-content\/uploads\/2023\/06\/04-Sillos-copy.jpg\",\"contentUrl\":\"https:\/\/alkanel.al\/wp-content\/uploads\/2023\/06\/04-Sillos-copy.jpg\",\"width\":800,\"height\":880,\"caption\":\"Packaging Machines Tirana, Albania. Installation of industrial food production plants, semi-automatic packaging machines, Alkanel Automation Makineri Paketimi Tirane - Instalimi t\u00eb impjanteve industriale t\u00eb prodhimit t\u00eb ushqimeve, makineri paketimi gjys\u00ebm automatike\"},{\"@type\":\"BreadcrumbList\",\"@id\":\"https:\/\/alkanel.al\/en\/product\/sillosa\/#breadcrumb\",\"itemListElement\":[{\"@type\":\"ListItem\",\"position\":1,\"name\":\"Home\",\"item\":\"https:\/\/alkanel.al\/en\/\"},{\"@type\":\"ListItem\",\"position\":2,\"name\":\"Shop\",\"item\":\"https:\/\/alkanel.al\/?page_id=12\"},{\"@type\":\"ListItem\",\"position\":3,\"name\":\"Sillosa\"}]},{\"@type\":\"WebSite\",\"@id\":\"https:\/\/alkanel.al\/en\/#website\",\"url\":\"https:\/\/alkanel.al\/en\/\",\"name\":\"Alkanel Automation\",\"description\":\"\",\"publisher\":{\"@id\":\"https:\/\/alkanel.al\/en\/#organization\"},\"potentialAction\":[{\"@type\":\"SearchAction\",\"target\":{\"@type\":\"EntryPoint\",\"urlTemplate\":\"https:\/\/alkanel.al\/en\/?s={search_term_string}\"},\"query-input\":{\"@type\":\"PropertyValueSpecification\",\"valueRequired\":true,\"valueName\":\"search_term_string\"}}],\"inLanguage\":\"en-US\"},{\"@type\":\"Organization\",\"@id\":\"https:\/\/alkanel.al\/en\/#organization\",\"name\":\"Alkanel Automation\",\"url\":\"https:\/\/alkanel.al\/en\/\",\"logo\":{\"@type\":\"ImageObject\",\"inLanguage\":\"en-US\",\"@id\":\"https:\/\/alkanel.al\/en\/#\/schema\/logo\/image\/\",\"url\":\"https:\/\/alkanel.al\/wp-content\/uploads\/2023\/03\/ALKANEL-1111.png\",\"contentUrl\":\"https:\/\/alkanel.al\/wp-content\/uploads\/2023\/03\/ALKANEL-1111.png\",\"width\":834,\"height\":149,\"caption\":\"Alkanel Automation\"},\"image\":{\"@id\":\"https:\/\/alkanel.al\/en\/#\/schema\/logo\/image\/\"},\"sameAs\":[\"https:\/\/www.facebook.com\/profile.php?id=100085308011755\",\"https:\/\/www.linkedin.com\/company\/alkanel-automation-shpk\",\"https:\/\/www.instagram.com\/alkanel_automation\/\"]}]}<\/script>\n<!-- \/ Yoast SEO Premium plugin. -->","yoast_head_json":{"title":"Sillosa - ALKanEl Automation","robots":{"index":"index","follow":"follow","max-snippet":"max-snippet:-1","max-image-preview":"max-image-preview:large","max-video-preview":"max-video-preview:-1"},"canonical":"https:\/\/alkanel.al\/en\/product\/sillosa\/","og_locale":"en_US","og_type":"article","og_title":"Sillosa","og_url":"https:\/\/alkanel.al\/en\/product\/sillosa\/","og_site_name":"ALKanEl Automation","article_publisher":"https:\/\/www.facebook.com\/profile.php?id=100085308011755","article_modified_time":"2023-07-07T10:36:37+00:00","og_image":[{"width":800,"height":880,"url":"https:\/\/alkanel.al\/wp-content\/uploads\/2023\/06\/04-Sillos-copy.jpg","type":"image\/jpeg"}],"twitter_card":"summary_large_image","schema":{"@context":"https:\/\/schema.org","@graph":[{"@type":"WebPage","@id":"https:\/\/alkanel.al\/en\/product\/sillosa\/","url":"https:\/\/alkanel.al\/en\/product\/sillosa\/","name":"Sillosa - ALKanEl Automation","isPartOf":{"@id":"https:\/\/alkanel.al\/en\/#website"},"primaryImageOfPage":{"@id":"https:\/\/alkanel.al\/en\/product\/sillosa\/#primaryimage"},"image":{"@id":"https:\/\/alkanel.al\/en\/product\/sillosa\/#primaryimage"},"thumbnailUrl":"https:\/\/alkanel.al\/wp-content\/uploads\/2023\/06\/04-Sillos-copy.jpg","datePublished":"2023-06-20T11:23:41+00:00","dateModified":"2023-07-07T10:36:37+00:00","breadcrumb":{"@id":"https:\/\/alkanel.al\/en\/product\/sillosa\/#breadcrumb"},"inLanguage":"en-US","potentialAction":[{"@type":"ReadAction","target":["https:\/\/alkanel.al\/en\/product\/sillosa\/"]}]},{"@type":"ImageObject","inLanguage":"en-US","@id":"https:\/\/alkanel.al\/en\/product\/sillosa\/#primaryimage","url":"https:\/\/alkanel.al\/wp-content\/uploads\/2023\/06\/04-Sillos-copy.jpg","contentUrl":"https:\/\/alkanel.al\/wp-content\/uploads\/2023\/06\/04-Sillos-copy.jpg","width":800,"height":880,"caption":"Packaging Machines Tirana, Albania. Installation of industrial food production plants, semi-automatic packaging machines, Alkanel Automation Makineri Paketimi Tirane - Instalimi t\u00eb impjanteve industriale t\u00eb prodhimit t\u00eb ushqimeve, makineri paketimi gjys\u00ebm automatike"},{"@type":"BreadcrumbList","@id":"https:\/\/alkanel.al\/en\/product\/sillosa\/#breadcrumb","itemListElement":[{"@type":"ListItem","position":1,"name":"Home","item":"https:\/\/alkanel.al\/en\/"},{"@type":"ListItem","position":2,"name":"Shop","item":"https:\/\/alkanel.al\/?page_id=12"},{"@type":"ListItem","position":3,"name":"Sillosa"}]},{"@type":"WebSite","@id":"https:\/\/alkanel.al\/en\/#website","url":"https:\/\/alkanel.al\/en\/","name":"Alkanel Automation","description":"","publisher":{"@id":"https:\/\/alkanel.al\/en\/#organization"},"potentialAction":[{"@type":"SearchAction","target":{"@type":"EntryPoint","urlTemplate":"https:\/\/alkanel.al\/en\/?s={search_term_string}"},"query-input":{"@type":"PropertyValueSpecification","valueRequired":true,"valueName":"search_term_string"}}],"inLanguage":"en-US"},{"@type":"Organization","@id":"https:\/\/alkanel.al\/en\/#organization","name":"Alkanel Automation","url":"https:\/\/alkanel.al\/en\/","logo":{"@type":"ImageObject","inLanguage":"en-US","@id":"https:\/\/alkanel.al\/en\/#\/schema\/logo\/image\/","url":"https:\/\/alkanel.al\/wp-content\/uploads\/2023\/03\/ALKANEL-1111.png","contentUrl":"https:\/\/alkanel.al\/wp-content\/uploads\/2023\/03\/ALKANEL-1111.png","width":834,"height":149,"caption":"Alkanel Automation"},"image":{"@id":"https:\/\/alkanel.al\/en\/#\/schema\/logo\/image\/"},"sameAs":["https:\/\/www.facebook.com\/profile.php?id=100085308011755","https:\/\/www.linkedin.com\/company\/alkanel-automation-shpk","https:\/\/www.instagram.com\/alkanel_automation\/"]}]}},"_links":{"self":[{"href":"https:\/\/alkanel.al\/en\/wp-json\/wp\/v2\/product\/11671","targetHints":{"allow":["GET"]}}],"collection":[{"href":"https:\/\/alkanel.al\/en\/wp-json\/wp\/v2\/product"}],"about":[{"href":"https:\/\/alkanel.al\/en\/wp-json\/wp\/v2\/types\/product"}],"version-history":[{"count":1,"href":"https:\/\/alkanel.al\/en\/wp-json\/wp\/v2\/product\/11671\/revisions"}],"predecessor-version":[{"id":11676,"href":"https:\/\/alkanel.al\/en\/wp-json\/wp\/v2\/product\/11671\/revisions\/11676"}],"wp:featuredmedia":[{"embeddable":true,"href":"https:\/\/alkanel.al\/en\/wp-json\/wp\/v2\/media\/11609"}],"wp:attachment":[{"href":"https:\/\/alkanel.al\/en\/wp-json\/wp\/v2\/media?parent=11671"}],"wp:term":[{"taxonomy":"product_brand","embeddable":true,"href":"https:\/\/alkanel.al\/en\/wp-json\/wp\/v2\/product_brand?post=11671"},{"taxonomy":"product_cat","embeddable":true,"href":"https:\/\/alkanel.al\/en\/wp-json\/wp\/v2\/product_cat?post=11671"},{"taxonomy":"product_tag","embeddable":true,"href":"https:\/\/alkanel.al\/en\/wp-json\/wp\/v2\/product_tag?post=11671"}],"curies":[{"name":"wp","href":"https:\/\/api.w.org\/{rel}","templated":true}]}}